{"id":5041,"date":"2026-03-02T04:38:57","date_gmt":"2026-03-02T04:38:57","guid":{"rendered":"https:\/\/roodcomunicacion.com\/rood\/?page_id=5041"},"modified":"2026-03-13T23:37:42","modified_gmt":"2026-03-13T23:37:42","slug":"aviso-de-privacidad","status":"publish","type":"page","link":"https:\/\/roodcomunicacion.com\/rood\/aviso-de-privacidad\/","title":{"rendered":"Aviso de Privavidad"},"content":{"rendered":"\t\t<div data-elementor-type=\"wp-page\" data-elementor-id=\"5041\" class=\"elementor elementor-5041\">\n\t\t\t\t\t\t<section class=\"elementor-section elementor-top-section elementor-element elementor-element-a929b91 elementor-section-full_width elementor-section-height-default elementor-section-height-default\" data-id=\"a929b91\" data-element_type=\"section\" data-e-type=\"section\" data-settings=\"{&quot;background_background&quot;:&quot;classic&quot;}\">\n\t\t\t\t\t\t\t<div class=\"elementor-background-overlay\"><\/div>\n\t\t\t\t\t\t\t<div class=\"elementor-container elementor-column-gap-no\">\n\t\t\t\t\t<div class=\"elementor-column elementor-col-25 elementor-top-column elementor-element elementor-element-8d69065\" data-id=\"8d69065\" data-element_type=\"column\" data-e-type=\"column\" data-settings=\"{&quot;background_background&quot;:&quot;classic&quot;}\">\n\t\t\t<div class=\"elementor-widget-wrap elementor-element-populated\">\n\t\t\t\t\t\t<div class=\"elementor-element elementor-element-b40d90b elementor-widget elementor-widget-image\" data-id=\"b40d90b\" data-element_type=\"widget\" data-e-type=\"widget\" data-widget_type=\"image.default\">\n\t\t\t\t<div class=\"elementor-widget-container\">\n\t\t\t\t\t\t\t\t\t\t\t\t\t\t\t<img decoding=\"async\" src=\"https:\/\/roodcomunicacion.com\/rood\/wp-content\/uploads\/elementor\/thumbs\/z1-rbhn8n0d47f93l8nnhkjv9iuad55ka6oq2lmrzlu7c.png\" title=\"z1\" alt=\"z1\" loading=\"lazy\" \/>\t\t\t\t\t\t\t\t\t\t\t\t\t\t\t<\/div>\n\t\t\t\t<\/div>\n\t\t\t\t\t<\/div>\n\t\t<\/div>\n\t\t\t\t<div class=\"elementor-column elementor-col-50 elementor-top-column elementor-element elementor-element-a43271b\" data-id=\"a43271b\" data-element_type=\"column\" data-e-type=\"column\">\n\t\t\t<div class=\"elementor-widget-wrap\">\n\t\t\t\t\t\t\t<\/div>\n\t\t<\/div>\n\t\t\t\t<div class=\"elementor-column elementor-col-25 elementor-top-column elementor-element elementor-element-88190b6\" data-id=\"88190b6\" data-element_type=\"column\" data-e-type=\"column\">\n\t\t\t<div class=\"elementor-widget-wrap\">\n\t\t\t\t\t\t\t<\/div>\n\t\t<\/div>\n\t\t\t\t\t<\/div>\n\t\t<\/section>\n\t\t\t\t<section class=\"elementor-section elementor-top-section elementor-element elementor-element-7ddcdf3 elementor-section-boxed elementor-section-height-default elementor-section-height-default\" data-id=\"7ddcdf3\" data-element_type=\"section\" data-e-type=\"section\">\n\t\t\t\t\t\t<div class=\"elementor-container elementor-column-gap-default\">\n\t\t\t\t\t<div class=\"elementor-column elementor-col-100 elementor-top-column elementor-element elementor-element-3defdd1\" data-id=\"3defdd1\" data-element_type=\"column\" data-e-type=\"column\">\n\t\t\t<div class=\"elementor-widget-wrap elementor-element-populated\">\n\t\t\t\t\t\t<div class=\"elementor-element elementor-element-a1b9cca elementor-widget__width-inherit elementor-widget elementor-widget-text-editor\" data-id=\"a1b9cca\" data-element_type=\"widget\" data-e-type=\"widget\" data-widget_type=\"text-editor.default\">\n\t\t\t\t<div class=\"elementor-widget-container\">\n\t\t\t\t\t\t\t\t\t<h2 style=\"text-align: center;\"><span style=\"color: #000000;\">AVISO DE PRIVACIDAD<\/span><\/h2>\n<p style=\"text-align: justify;\"><span style=\"color: #000000;\"><!-- \/wp:heading --><!-- wp:paragraph --><\/span><\/p>\n<p><!-- \/wp:paragraph --><\/p>\t\t\t\t\t\t\t\t<\/div>\n\t\t\t\t<\/div>\n\t\t\t\t\t<\/div>\n\t\t<\/div>\n\t\t\t\t\t<\/div>\n\t\t<\/section>\n\t\t\t\t<section class=\"elementor-section elementor-top-section elementor-element elementor-element-12948cd elementor-section-boxed elementor-section-height-default elementor-section-height-default\" data-id=\"12948cd\" data-element_type=\"section\" data-e-type=\"section\">\n\t\t\t\t\t\t<div class=\"elementor-container elementor-column-gap-no\">\n\t\t\t\t\t<div class=\"elementor-column elementor-col-100 elementor-top-column elementor-element elementor-element-1b05d61\" data-id=\"1b05d61\" data-element_type=\"column\" data-e-type=\"column\">\n\t\t\t<div class=\"elementor-widget-wrap elementor-element-populated\">\n\t\t\t\t\t\t<div class=\"elementor-element elementor-element-a2867d4 elementor-widget elementor-widget-image\" data-id=\"a2867d4\" data-element_type=\"widget\" data-e-type=\"widget\" data-widget_type=\"image.default\">\n\t\t\t\t<div class=\"elementor-widget-container\">\n\t\t\t\t\t\t\t\t\t\t\t\t\t\t\t<img fetchpriority=\"high\" decoding=\"async\" width=\"900\" height=\"514\" src=\"https:\/\/roodcomunicacion.com\/rood\/wp-content\/uploads\/2026\/03\/rood_aviso_privacidad_01-1024x585.jpg\" class=\"attachment-large size-large wp-image-5090\" alt=\"\" srcset=\"https:\/\/roodcomunicacion.com\/rood\/wp-content\/uploads\/2026\/03\/rood_aviso_privacidad_01-1024x585.jpg 1024w, https:\/\/roodcomunicacion.com\/rood\/wp-content\/uploads\/2026\/03\/rood_aviso_privacidad_01-768x439.jpg 768w, https:\/\/roodcomunicacion.com\/rood\/wp-content\/uploads\/2026\/03\/rood_aviso_privacidad_01.jpg 1116w\" sizes=\"(max-width: 900px) 100vw, 900px\" \/>\t\t\t\t\t\t\t\t\t\t\t\t\t\t\t<\/div>\n\t\t\t\t<\/div>\n\t\t\t\t<div class=\"elementor-element elementor-element-8227491 elementor-widget elementor-widget-image\" data-id=\"8227491\" data-element_type=\"widget\" data-e-type=\"widget\" data-widget_type=\"image.default\">\n\t\t\t\t<div class=\"elementor-widget-container\">\n\t\t\t\t\t\t\t\t\t\t\t\t\t\t\t<img decoding=\"async\" width=\"900\" height=\"514\" src=\"https:\/\/roodcomunicacion.com\/rood\/wp-content\/uploads\/2026\/03\/rood_aviso_privacidad_02-1024x585.jpg\" class=\"attachment-large size-large wp-image-5091\" alt=\"\" srcset=\"https:\/\/roodcomunicacion.com\/rood\/wp-content\/uploads\/2026\/03\/rood_aviso_privacidad_02-1024x585.jpg 1024w, https:\/\/roodcomunicacion.com\/rood\/wp-content\/uploads\/2026\/03\/rood_aviso_privacidad_02-768x439.jpg 768w, https:\/\/roodcomunicacion.com\/rood\/wp-content\/uploads\/2026\/03\/rood_aviso_privacidad_02.jpg 1116w\" sizes=\"(max-width: 900px) 100vw, 900px\" \/>\t\t\t\t\t\t\t\t\t\t\t\t\t\t\t<\/div>\n\t\t\t\t<\/div>\n\t\t\t\t<div class=\"elementor-element elementor-element-b75a254 elementor-widget elementor-widget-image\" data-id=\"b75a254\" data-element_type=\"widget\" data-e-type=\"widget\" data-widget_type=\"image.default\">\n\t\t\t\t<div class=\"elementor-widget-container\">\n\t\t\t\t\t\t\t\t\t\t\t\t\t\t\t<img decoding=\"async\" width=\"900\" height=\"514\" src=\"https:\/\/roodcomunicacion.com\/rood\/wp-content\/uploads\/2026\/03\/rood_aviso_privacidad_03-1024x585.jpg\" class=\"attachment-large size-large wp-image-5092\" alt=\"\" srcset=\"https:\/\/roodcomunicacion.com\/rood\/wp-content\/uploads\/2026\/03\/rood_aviso_privacidad_03-1024x585.jpg 1024w, https:\/\/roodcomunicacion.com\/rood\/wp-content\/uploads\/2026\/03\/rood_aviso_privacidad_03-768x439.jpg 768w, https:\/\/roodcomunicacion.com\/rood\/wp-content\/uploads\/2026\/03\/rood_aviso_privacidad_03.jpg 1116w\" sizes=\"(max-width: 900px) 100vw, 900px\" \/>\t\t\t\t\t\t\t\t\t\t\t\t\t\t\t<\/div>\n\t\t\t\t<\/div>\n\t\t\t\t<div class=\"elementor-element elementor-element-b49c5de elementor-widget elementor-widget-image\" data-id=\"b49c5de\" data-element_type=\"widget\" data-e-type=\"widget\" data-widget_type=\"image.default\">\n\t\t\t\t<div class=\"elementor-widget-container\">\n\t\t\t\t\t\t\t\t\t\t\t\t\t\t\t<img loading=\"lazy\" decoding=\"async\" width=\"900\" height=\"469\" src=\"https:\/\/roodcomunicacion.com\/rood\/wp-content\/uploads\/2026\/03\/rood_aviso_privacidad_04-1024x534.jpg\" class=\"attachment-large size-large wp-image-5093\" alt=\"\" srcset=\"https:\/\/roodcomunicacion.com\/rood\/wp-content\/uploads\/2026\/03\/rood_aviso_privacidad_04-1024x534.jpg 1024w, https:\/\/roodcomunicacion.com\/rood\/wp-content\/uploads\/2026\/03\/rood_aviso_privacidad_04-768x401.jpg 768w, https:\/\/roodcomunicacion.com\/rood\/wp-content\/uploads\/2026\/03\/rood_aviso_privacidad_04.jpg 1116w\" sizes=\"(max-width: 900px) 100vw, 900px\" \/>\t\t\t\t\t\t\t\t\t\t\t\t\t\t\t<\/div>\n\t\t\t\t<\/div>\n\t\t\t\t\t<\/div>\n\t\t<\/div>\n\t\t\t\t\t<\/div>\n\t\t<\/section>\n\t\t\t\t<section class=\"elementor-section elementor-top-section elementor-element elementor-element-e573578 elementor-hidden-desktop elementor-hidden-tablet elementor-hidden-mobile elementor-section-boxed elementor-section-height-default elementor-section-height-default\" data-id=\"e573578\" data-element_type=\"section\" data-e-type=\"section\">\n\t\t\t\t\t\t<div class=\"elementor-container elementor-column-gap-default\">\n\t\t\t\t\t<div class=\"elementor-column elementor-col-100 elementor-top-column elementor-element elementor-element-c5a22c4\" data-id=\"c5a22c4\" data-element_type=\"column\" data-e-type=\"column\">\n\t\t\t<div class=\"elementor-widget-wrap elementor-element-populated\">\n\t\t\t\t\t\t<div class=\"elementor-element elementor-element-a53cf4e elementor-widget__width-inherit elementor-widget elementor-widget-text-editor\" data-id=\"a53cf4e\" data-element_type=\"widget\" data-e-type=\"widget\" data-widget_type=\"text-editor.default\">\n\t\t\t\t<div class=\"elementor-widget-container\">\n\t\t\t\t\t\t\t\t\t<h2 style=\"text-align: justify;\"><span style=\"color: #000000;\">AVISO DE PRIVACIDAD<\/span><\/h2>\n<p style=\"text-align: justify;\"><span style=\"color: #000000;\"><!-- \/wp:heading --><!-- wp:paragraph --><\/span><\/p>\n<p style=\"text-align: justify;\"><span style=\"color: #000000;\">r\u00f6odcom, con domicilio en Avenida San Felipe No. 5, Col. San Felipe IV, <\/span><span style=\"color: #000000;\">Chihuahua, Chihuahua es responsable del tratamiento de sus datos personales de <\/span><span style=\"color: #000000;\">conformidad con lo dispuesto por la Ley Federal de Protecci\u00f3n de Datos <\/span><span style=\"color: #000000;\">Personales en Posesi\u00f3n de los Particulares (en lo sucesivo Ley).<\/span><\/p>\n<p>\u00a0<\/p>\n<p style=\"text-align: justify;\"><span style=\"color: #000000;\">r\u00f6odcom \u00fanicamente solicita los datos personales que sean necesarios para llevar <\/span><span style=\"color: #000000;\">a cabo las finalidades descritas en el presente Aviso de Privacidad, el cual se <\/span><span style=\"color: #000000;\">hace del conocimiento de los clientes o proveedores antes de que \u00e9stos los <\/span><span style=\"color: #000000;\">proporcionan. Los datos personales que r\u00f6odcom solicita u obtiene de sus clientes <\/span><span style=\"color: #000000;\">o proveedores son los siguientes:<\/span><\/p>\n<p>\u00a0<\/p>\n<p style=\"text-align: justify;\"><span style=\"color: #000000;\">1.- Datos de identificaci\u00f3n: nombre, g\u00e9nero, domicilio particular, domicilio fiscal, <\/span><span style=\"color: #000000;\">edad, fecha y lugar de nacimiento, estado civil, tel\u00e9fono particular, cargo, <\/span><span style=\"color: #000000;\">Registro Federal de Contribuyentes (RFC), Clave \u00danica de Registro de Poblaci\u00f3n <\/span><span style=\"color: #000000;\">(CURP), nacionalidad, direcci\u00f3n de correo electr\u00f3nico, y datos fiscales y <\/span><span style=\"color: #000000;\">bancarios para el tema de pagos.<\/span><\/p>\n<p>\u00a0<\/p>\n<p style=\"text-align: justify;\"><span style=\"color: #000000;\">2.- Datos laborales: nombre de la empresa, cargo, grado acad\u00e9mico, domicilio, <\/span><span style=\"color: #000000;\">tel\u00e9fono, correo electr\u00f3nico, constancia de situaci\u00f3n fiscal, acta constitutiva y <\/span><span style=\"color: #000000;\">poder notarial (seg\u00fan sea el tr\u00e1mite).<\/span><\/p>\n<p>\u00a0<\/p>\n<p style=\"text-align: justify;\"><span style=\"color: #000000;\">Esta informaci\u00f3n ser\u00e1 utilizada para los fines siguientes: para la prestaci\u00f3n de <\/span><span style=\"color: #000000;\">nuestros servicios como los registros de marca, obra, ISBN, ISSN, cambio de <\/span><span style=\"color: #000000;\">representantes legales ante el IMPI o INDAUTOR, cambio de editor responsable, <\/span><span style=\"color: #000000;\">declaraciones de uso de marca, renovaciones de marcas; para la creaci\u00f3n, <\/span><span style=\"color: #000000;\">modificaci\u00f3n o extinci\u00f3n de las relaciones contractuales; para dar a conocer <\/span><span style=\"color: #000000;\">cualquier tipo de aviso o notificaci\u00f3n relativa a la prestaci\u00f3n de los servicios; <\/span><span style=\"color: #000000;\">informar sobre nuevos servicios que est\u00e9n relacionados con el contrato adquirido <\/span><span style=\"color: #000000;\">por el cliente; informar sobre cambios de nuestros servicios; evaluar la calidad del <\/span><span style=\"color: #000000;\">servicio; env\u00edo de informaci\u00f3n como r\u00f6od news, tarjetas de cumplea\u00f1os, nuestro <\/span><span style=\"color: #000000;\">bolet\u00edn mensual, as\u00ed como procesos de facturaci\u00f3n y cobranza de nuestros <\/span><span style=\"color: #000000;\">servicios.<\/span><\/p>\n<p>\u00a0<\/p>\n<p style=\"text-align: justify;\"><span style=\"color: #000000;\">Usted tiene derecho de acceder, rectificar y cancelar sus datos personales, as\u00ed <\/span><span style=\"color: #000000;\">como oponerse al tratamiento de los mismos o revocar el consentimiento que <\/span><span style=\"color: #000000;\">para tal fin nos haya otorgado, a trav\u00e9s de los procedimientos que hemos <\/span><span style=\"color: #000000;\">Fecha \u00faltima actualizaci\u00f3n: 04 de marzo del 2026 <\/span><span style=\"color: #000000;\">implementado. Para conocer estos procedimientos, los requisitos y plazos, se <\/span><span style=\"color: #000000;\">puede poner en contacto a trav\u00e9s de nuestro tel\u00e9fono (614) 4139779 y correo:<\/span><span style=\"color: #000000;\">\u00a0<a href=\"mailto:creativos@roodcomunicacion.com\">creativos@roodcomunicacion.com<\/a><\/span><\/p>\n<p>\u00a0<\/p>\n<p style=\"text-align: justify;\"><span style=\"color: #000000;\">Asimismo, le informamos que sus datos personales ser\u00e1n tratados con estricta <\/span><span style=\"color: #000000;\">confidencialidad y resguardados conforme a las disposiciones aplicables. Sus <\/span><span style=\"color: #000000;\">datos no ser\u00e1n transferidos ni tratados por terceros, ya sea dentro o fuera del <\/span><span style=\"color: #000000;\">territorio nacional, sin su consentimiento previo, y ser\u00e1n utilizados exclusivamente <\/span><span style=\"color: #000000;\">para las finalidades se\u00f1aladas en el presente aviso.<\/span><\/p>\n<p>\u00a0<\/p>\n<p style=\"text-align: justify;\"><span style=\"color: #000000;\">En caso de que usted decida no recibir notificaci\u00f3n alguna de esta empresa, <\/span><span style=\"color: #000000;\">favor de notificarlo al correo antes mencionado.<\/span><\/p>\n<p>\u00a0<\/p>\n<p style=\"text-align: justify;\"><strong><span style=\"color: #000000;\">El presente Aviso de Privacidad podr\u00e1 ser modificado en el futuro. En todo <\/span><span style=\"color: #000000;\">caso, cualquier modificaci\u00f3n al mismo se har\u00e1 de su conocimiento <\/span><span style=\"color: #000000;\">mediante el env\u00edo de un correo electr\u00f3nico a la cuenta que usted nos <\/span><span style=\"color: #000000;\">proporcion\u00f3 inicialmente o mediante la publicaci\u00f3n del mismo en nuestra <\/span><span style=\"color: #000000;\">p\u00e1gina web: www.roodcomunicacion.com<\/span><\/strong><\/p>\n<p>\u00a0<\/p>\n<p style=\"text-align: justify;\"><span style=\"color: #000000;\">La empresa no ser\u00e1 responsable en caso de que usted no reciba dicha <\/span><span style=\"color: #000000;\">notificaci\u00f3n por causas atribuibles a problemas con su cuenta de correo <\/span><span style=\"color: #000000;\">electr\u00f3nico, fallas en la transmisi\u00f3n de datos por internet o cualquier otra <\/span><span style=\"color: #000000;\">circunstancia ajena a su control. No obstante, para su mayor certeza y seguridad, <\/span><span style=\"color: #000000;\">el Aviso de Privacidad vigente estar\u00e1 disponible en todo momento en el sitio web <\/span><span style=\"color: #000000;\">antes se\u00f1alado.<\/span><\/p>\n<p>\u00a0<\/p>\n<p>\u00a0<\/p>\n<p style=\"text-align: right;\"><span style=\"color: #000000;\">Fecha \u00faltima actualizaci\u00f3n: 04 de marzo del 2026<\/span><\/p>\n<p><!-- \/wp:paragraph --><\/p>\t\t\t\t\t\t\t\t<\/div>\n\t\t\t\t<\/div>\n\t\t\t\t\t<\/div>\n\t\t<\/div>\n\t\t\t\t\t<\/div>\n\t\t<\/section>\n\t\t\t\t<\/div>\n\t\t","protected":false},"excerpt":{"rendered":"<p>AVISO DE PRIVACIDAD AVISO DE PRIVACIDAD r\u00f6odcom, con domicilio en Avenida San Felipe No. 5, Col. San Felipe IV, Chihuahua, Chihuahua es responsable del tratamiento de sus datos personales de conformidad con lo dispuesto por la Ley Federal de Protecci\u00f3n de Datos Personales en Posesi\u00f3n de los Particulares (en lo sucesivo Ley). \u00a0 r\u00f6odcom \u00fanicamente [&hellip;]<\/p>\n","protected":false},"author":1,"featured_media":0,"parent":0,"menu_order":0,"comment_status":"closed","ping_status":"closed","template":"","meta":{"footnotes":""},"class_list":["post-5041","page","type-page","status-publish","hentry"],"_links":{"self":[{"href":"https:\/\/roodcomunicacion.com\/rood\/wp-json\/wp\/v2\/pages\/5041","targetHints":{"allow":["GET"]}}],"collection":[{"href":"https:\/\/roodcomunicacion.com\/rood\/wp-json\/wp\/v2\/pages"}],"about":[{"href":"https:\/\/roodcomunicacion.com\/rood\/wp-json\/wp\/v2\/types\/page"}],"author":[{"embeddable":true,"href":"https:\/\/roodcomunicacion.com\/rood\/wp-json\/wp\/v2\/users\/1"}],"replies":[{"embeddable":true,"href":"https:\/\/roodcomunicacion.com\/rood\/wp-json\/wp\/v2\/comments?post=5041"}],"version-history":[{"count":46,"href":"https:\/\/roodcomunicacion.com\/rood\/wp-json\/wp\/v2\/pages\/5041\/revisions"}],"predecessor-version":[{"id":5117,"href":"https:\/\/roodcomunicacion.com\/rood\/wp-json\/wp\/v2\/pages\/5041\/revisions\/5117"}],"wp:attachment":[{"href":"https:\/\/roodcomunicacion.com\/rood\/wp-json\/wp\/v2\/media?parent=5041"}],"curies":[{"name":"wp","href":"https:\/\/api.w.org\/{rel}","templated":true}]}}