{"id":4364,"date":"2025-09-11T20:54:35","date_gmt":"2025-09-11T20:54:35","guid":{"rendered":"https:\/\/roodcomunicacion.com\/rood\/?page_id=4364"},"modified":"2025-09-30T15:33:08","modified_gmt":"2025-09-30T15:33:08","slug":"diseno-rediseno-de-la-identidad-visual-de-la-barra-de-arquitectos-de-chihuahua-a-c","status":"publish","type":"page","link":"https:\/\/roodcomunicacion.com\/rood\/diseno-rediseno-de-la-identidad-visual-de-la-barra-de-arquitectos-de-chihuahua-a-c\/","title":{"rendered":"Dise\u00f1o &#8211; Redise\u00f1o de la identidad visual de la Barra de Arquitectos de Chihuahua A. C."},"content":{"rendered":"\t\t<div data-elementor-type=\"wp-page\" data-elementor-id=\"4364\" class=\"elementor elementor-4364\">\n\t\t\t\t\t\t<section class=\"elementor-section elementor-top-section elementor-element elementor-element-eb0dc6c elementor-section-full_width elementor-section-height-default elementor-section-height-default\" data-id=\"eb0dc6c\" data-element_type=\"section\" data-e-type=\"section\" data-settings=\"{&quot;background_background&quot;:&quot;classic&quot;}\">\n\t\t\t\t\t\t<div class=\"elementor-container elementor-column-gap-default\">\n\t\t\t\t\t<div class=\"elementor-column elementor-col-100 elementor-top-column elementor-element elementor-element-14c0630\" data-id=\"14c0630\" data-element_type=\"column\" data-e-type=\"column\">\n\t\t\t<div class=\"elementor-widget-wrap elementor-element-populated\">\n\t\t\t\t\t\t<div class=\"elementor-element elementor-element-ccd2744 animated-fast elementor-invisible elementor-widget elementor-widget-gva-heading-block\" data-id=\"ccd2744\" data-element_type=\"widget\" data-e-type=\"widget\" data-settings=\"{&quot;_animation&quot;:&quot;fadeInUp&quot;}\" data-widget_type=\"gva-heading-block.default\">\n\t\t\t\t<div class=\"elementor-widget-container\">\n\t\t\t\t\t<div class=\"gva-element-gva-heading-block gva-element\">   <div class=\"align-left style-1 widget gsc-heading box-align-left auto-responsive\">\r\n      <div class=\"content-inner\">\r\n         \r\n         \r\n           \r\n         \r\n                     <h2 class=\"title\">\r\n               <span>BARRA DE ARQUITECTOS DE CHIHUAHUA<\/span>\r\n            <\/h2>\r\n                  \r\n         \r\n      <\/div>\r\n   <\/div>\r\n<\/div>\t\t\t\t<\/div>\n\t\t\t\t<\/div>\n\t\t\t\t\t<\/div>\n\t\t<\/div>\n\t\t\t\t\t<\/div>\n\t\t<\/section>\n\t\t\t\t<section class=\"elementor-section elementor-top-section elementor-element elementor-element-d713bf1 elementor-section-boxed elementor-section-height-default elementor-section-height-default elementor-invisible\" data-id=\"d713bf1\" data-element_type=\"section\" data-e-type=\"section\" data-settings=\"{&quot;animation&quot;:&quot;fadeIn&quot;}\">\n\t\t\t\t\t\t<div class=\"elementor-container elementor-column-gap-default\">\n\t\t\t\t\t<div class=\"elementor-column elementor-col-50 elementor-top-column elementor-element elementor-element-0cfb2d4\" data-id=\"0cfb2d4\" data-element_type=\"column\" data-e-type=\"column\">\n\t\t\t<div class=\"elementor-widget-wrap elementor-element-populated\">\n\t\t\t\t\t\t<div class=\"elementor-element elementor-element-b58c550 elementor-widget elementor-widget-text-editor\" data-id=\"b58c550\" data-element_type=\"widget\" data-e-type=\"widget\" data-widget_type=\"text-editor.default\">\n\t\t\t\t<div class=\"elementor-widget-container\">\n\t\t\t\t\t\t\t\t\t<p><span style=\"color: #000000;\"><strong>Redise\u00f1o de la identidad visual de la Barra de Arquitectos de Chihuahua A. C.<\/strong><\/span><\/p><p style=\"text-align: justify;\"><span style=\"color: #000000;\">Renovamos el logotipo de la Barra de Arquitectos de Chihuahua, A. C., simplific\u00e1ndolo y otorg\u00e1ndole un estilo m\u00e1s moderno. Se ajust\u00f3 la tipograf\u00eda para lograr un mayor equilibrio y est\u00e9tica en la marca, se estandariz\u00f3 una paleta de colores y se desarroll\u00f3 un concepto gr\u00e1fico coherente con la nueva propuesta de identidad visual.<\/span><\/p>\t\t\t\t\t\t\t\t<\/div>\n\t\t\t\t<\/div>\n\t\t\t\t<div class=\"elementor-element elementor-element-f6c487c elementor-widget elementor-widget-text-editor\" data-id=\"f6c487c\" data-element_type=\"widget\" data-e-type=\"widget\" data-widget_type=\"text-editor.default\">\n\t\t\t\t<div class=\"elementor-widget-container\">\n\t\t\t\t\t\t\t\t\t<p style=\"text-align: left;\"><span style=\"color: #000000;\"><strong>Info<br \/><\/strong><\/span>Servicio: Dise\u00f1o<br \/>Cliente: Barra de Arquitectos de Chihuahua A. C.<br \/>Categor\u00eda: Logotipo<br \/>A\u00f1o: 2025<\/p>\t\t\t\t\t\t\t\t<\/div>\n\t\t\t\t<\/div>\n\t\t\t\t\t<\/div>\n\t\t<\/div>\n\t\t\t\t<div class=\"elementor-column elementor-col-50 elementor-top-column elementor-element elementor-element-8a5ffe8\" data-id=\"8a5ffe8\" data-element_type=\"column\" data-e-type=\"column\">\n\t\t\t<div class=\"elementor-widget-wrap elementor-element-populated\">\n\t\t\t\t\t\t<div class=\"elementor-element elementor-element-49c8a34 elementor-invisible elementor-widget elementor-widget-gva-gallery\" data-id=\"49c8a34\" data-element_type=\"widget\" data-e-type=\"widget\" data-settings=\"{&quot;_animation&quot;:&quot;fadeIn&quot;}\" data-widget_type=\"gva-gallery.default\">\n\t\t\t\t<div class=\"elementor-widget-container\">\n\t\t\t\t\t<div class=\"gva-element-gva-gallery gva-element\">\r\n<div class=\"gva-gallery-carousel swiper-slider-wrapper style-1 margin-disable\">\r\n\t<div class=\"swiper-content-inner\">\r\n   \t<div class=\"init-carousel-swiper swiper\" data-carousel=\"{&quot;items&quot;:1,&quot;items_lg&quot;:1,&quot;items_md&quot;:1,&quot;items_sm&quot;:1,&quot;items_xs&quot;:1,&quot;items_xx&quot;:1,&quot;effect&quot;:&quot;slide&quot;,&quot;space_between&quot;:0,&quot;loop&quot;:1,&quot;speed&quot;:600,&quot;autoplay&quot;:1,&quot;autoplay_delay&quot;:4000,&quot;autoplay_hover&quot;:1,&quot;navigation&quot;:1,&quot;pagination&quot;:1,&quot;dynamic_bullets&quot;:0,&quot;pagination_type&quot;:&quot;bullets&quot;}\">\r\n      \t<div class=\"swiper-wrapper\">\r\n\t\t\t\t<div class=\"swiper-slide item\">\r\n<div class=\"gallery-item style-1\">\r\n\r\n               <div class=\"image\">\r\n            <img decoding=\"async\" src=\"https:\/\/roodcomunicacion.com\/rood\/wp-content\/uploads\/2025\/09\/1-26.jpg\" alt=\"\" \/>  \r\n         <\/div>\r\n         <a class=\"photo-gallery\" href=\"https:\/\/roodcomunicacion.com\/rood\/wp-content\/uploads\/2025\/09\/1-26.jpg\" data-elementor-lightbox-slideshow=\"gallery-4fst\"><\/a>\r\n      \r\n      <div class=\"image-content\">\r\n         <div class=\"content-inner\">\r\n                                 <\/div>   \r\n      <\/div>\r\n\r\n   <\/div>\r\n<\/div><div class=\"swiper-slide item\">\r\n<div class=\"gallery-item style-1\">\r\n\r\n               <div class=\"image\">\r\n            <img decoding=\"async\" src=\"https:\/\/roodcomunicacion.com\/rood\/wp-content\/uploads\/2025\/09\/2-27.jpg\" alt=\"\" \/>  \r\n         <\/div>\r\n         <a class=\"photo-gallery\" href=\"https:\/\/roodcomunicacion.com\/rood\/wp-content\/uploads\/2025\/09\/2-27.jpg\" data-elementor-lightbox-slideshow=\"gallery-4fst\"><\/a>\r\n      \r\n      <div class=\"image-content\">\r\n         <div class=\"content-inner\">\r\n                                 <\/div>   \r\n      <\/div>\r\n\r\n   <\/div>\r\n<\/div><div class=\"swiper-slide item\">\r\n<div class=\"gallery-item style-1\">\r\n\r\n               <div class=\"image\">\r\n            <img decoding=\"async\" src=\"https:\/\/roodcomunicacion.com\/rood\/wp-content\/uploads\/2025\/09\/3-27.jpg\" alt=\"\" \/>  \r\n         <\/div>\r\n         <a class=\"photo-gallery\" href=\"https:\/\/roodcomunicacion.com\/rood\/wp-content\/uploads\/2025\/09\/3-27.jpg\" data-elementor-lightbox-slideshow=\"gallery-4fst\"><\/a>\r\n      \r\n      <div class=\"image-content\">\r\n         <div class=\"content-inner\">\r\n                                 <\/div>   \r\n      <\/div>\r\n\r\n   <\/div>\r\n<\/div><div class=\"swiper-slide item\">\r\n<div class=\"gallery-item style-1\">\r\n\r\n               <div class=\"image\">\r\n            <img decoding=\"async\" src=\"https:\/\/roodcomunicacion.com\/rood\/wp-content\/uploads\/2025\/09\/4-20.jpg\" alt=\"\" \/>  \r\n         <\/div>\r\n         <a class=\"photo-gallery\" href=\"https:\/\/roodcomunicacion.com\/rood\/wp-content\/uploads\/2025\/09\/4-20.jpg\" data-elementor-lightbox-slideshow=\"gallery-4fst\"><\/a>\r\n      \r\n      <div class=\"image-content\">\r\n         <div class=\"content-inner\">\r\n                                 <\/div>   \r\n      <\/div>\r\n\r\n   <\/div>\r\n<\/div><div class=\"swiper-slide item\">\r\n<div class=\"gallery-item style-1\">\r\n\r\n               <div class=\"image\">\r\n            <img decoding=\"async\" src=\"https:\/\/roodcomunicacion.com\/rood\/wp-content\/uploads\/2025\/09\/5-14.jpg\" alt=\"\" \/>  \r\n         <\/div>\r\n         <a class=\"photo-gallery\" href=\"https:\/\/roodcomunicacion.com\/rood\/wp-content\/uploads\/2025\/09\/5-14.jpg\" data-elementor-lightbox-slideshow=\"gallery-4fst\"><\/a>\r\n      \r\n      <div class=\"image-content\">\r\n         <div class=\"content-inner\">\r\n                                 <\/div>   \r\n      <\/div>\r\n\r\n   <\/div>\r\n<\/div><div class=\"swiper-slide item\">\r\n<div class=\"gallery-item style-1\">\r\n\r\n               <div class=\"image\">\r\n            <img decoding=\"async\" src=\"https:\/\/roodcomunicacion.com\/rood\/wp-content\/uploads\/2025\/09\/rood_1600.jpg\" alt=\"\" \/>  \r\n         <\/div>\r\n         <a class=\"photo-gallery\" href=\"https:\/\/roodcomunicacion.com\/rood\/wp-content\/uploads\/2025\/09\/rood_1600.jpg\" data-elementor-lightbox-slideshow=\"gallery-4fst\"><\/a>\r\n      \r\n      <div class=\"image-content\">\r\n         <div class=\"content-inner\">\r\n                                 <\/div>   \r\n      <\/div>\r\n\r\n   <\/div>\r\n<\/div>\t\t\t<\/div>\r\n\t\t<\/div>\r\n\t<\/div>\r\n\t<div class=\"swiper-pagination\"><\/div>   <div class=\"swiper-nav-next\"><\/div><div class=\"swiper-nav-prev\"><\/div><\/div>\r\n<\/div>\t\t\t\t<\/div>\n\t\t\t\t<\/div>\n\t\t\t\t\t<\/div>\n\t\t<\/div>\n\t\t\t\t\t<\/div>\n\t\t<\/section>\n\t\t\t\t<section class=\"elementor-section elementor-top-section elementor-element elementor-element-0ba37d1 elementor-section-boxed elementor-section-height-default elementor-section-height-default elementor-invisible\" data-id=\"0ba37d1\" data-element_type=\"section\" data-e-type=\"section\" data-settings=\"{&quot;animation&quot;:&quot;fadeIn&quot;}\">\n\t\t\t\t\t\t<div class=\"elementor-container elementor-column-gap-default\">\n\t\t\t\t\t<div class=\"elementor-column elementor-col-100 elementor-top-column elementor-element elementor-element-2f722eb\" data-id=\"2f722eb\" data-element_type=\"column\" data-e-type=\"column\">\n\t\t\t<div class=\"elementor-widget-wrap elementor-element-populated\">\n\t\t\t\t\t\t<div class=\"elementor-element elementor-element-b6e1a7a elementor-widget elementor-widget-text-editor\" data-id=\"b6e1a7a\" data-element_type=\"widget\" data-e-type=\"widget\" data-widget_type=\"text-editor.default\">\n\t\t\t\t<div class=\"elementor-widget-container\">\n\t\t\t\t\t\t\t\t\t<p><strong>Otros proyectos<\/strong><\/p>\t\t\t\t\t\t\t\t<\/div>\n\t\t\t\t<\/div>\n\t\t\t\t\t<\/div>\n\t\t<\/div>\n\t\t\t\t\t<\/div>\n\t\t<\/section>\n\t\t\t\t<section class=\"elementor-section elementor-top-section elementor-element elementor-element-5c7f552 elementor-section-boxed elementor-section-height-default elementor-section-height-default elementor-invisible\" data-id=\"5c7f552\" data-element_type=\"section\" data-e-type=\"section\" data-settings=\"{&quot;animation&quot;:&quot;fadeIn&quot;}\">\n\t\t\t\t\t\t<div class=\"elementor-container elementor-column-gap-default\">\n\t\t\t\t\t<div class=\"elementor-column elementor-col-33 elementor-top-column elementor-element elementor-element-d59170f\" data-id=\"d59170f\" data-element_type=\"column\" data-e-type=\"column\">\n\t\t\t<div class=\"elementor-widget-wrap elementor-element-populated\">\n\t\t\t\t\t\t<div class=\"elementor-element elementor-element-ae489b9 elementor-widget elementor-widget-image\" data-id=\"ae489b9\" data-element_type=\"widget\" data-e-type=\"widget\" data-widget_type=\"image.default\">\n\t\t\t\t<div class=\"elementor-widget-container\">\n\t\t\t\t\t\t\t\t\t\t\t\t\t\t\t\t<a href=\"https:\/\/roodcomunicacion.com\/rood\/diseno-identidad-visual-colegio-de-ingenieros-civiles-de-ciudad-juarez-a-c\/\">\n\t\t\t\t\t\t\t<img fetchpriority=\"high\" decoding=\"async\" width=\"2000\" height=\"2000\" src=\"https:\/\/roodcomunicacion.com\/rood\/wp-content\/uploads\/2025\/09\/Sin-titulo-5-11.jpg\" class=\"attachment-full size-full wp-image-4283\" alt=\"\" srcset=\"https:\/\/roodcomunicacion.com\/rood\/wp-content\/uploads\/2025\/09\/Sin-titulo-5-11.jpg 2000w, https:\/\/roodcomunicacion.com\/rood\/wp-content\/uploads\/2025\/09\/Sin-titulo-5-11-1024x1024.jpg 1024w, https:\/\/roodcomunicacion.com\/rood\/wp-content\/uploads\/2025\/09\/Sin-titulo-5-11-175x175.jpg 175w, https:\/\/roodcomunicacion.com\/rood\/wp-content\/uploads\/2025\/09\/Sin-titulo-5-11-768x768.jpg 768w\" sizes=\"(max-width: 2000px) 100vw, 2000px\" \/>\t\t\t\t\t\t\t\t<\/a>\n\t\t\t\t\t\t\t\t\t\t\t\t\t\t\t<\/div>\n\t\t\t\t<\/div>\n\t\t\t\t\t<\/div>\n\t\t<\/div>\n\t\t\t\t<div class=\"elementor-column elementor-col-33 elementor-top-column elementor-element elementor-element-f5c8ea8\" data-id=\"f5c8ea8\" data-element_type=\"column\" data-e-type=\"column\">\n\t\t\t<div class=\"elementor-widget-wrap elementor-element-populated\">\n\t\t\t\t\t\t<div class=\"elementor-element elementor-element-dba571a elementor-widget elementor-widget-image\" data-id=\"dba571a\" data-element_type=\"widget\" data-e-type=\"widget\" data-widget_type=\"image.default\">\n\t\t\t\t<div class=\"elementor-widget-container\">\n\t\t\t\t\t\t\t\t\t\t\t\t\t\t\t\t<a href=\"https:\/\/roodcomunicacion.com\/rood\/diseno-rediseno-de-la-identidad-visual-del-consejo-coordinador-empresarial-de-chihuahua\/\">\n\t\t\t\t\t\t\t<img decoding=\"async\" width=\"2000\" height=\"2000\" src=\"https:\/\/roodcomunicacion.com\/rood\/wp-content\/uploads\/2025\/09\/caratula-6.jpg\" class=\"attachment-full size-full wp-image-4230\" alt=\"\" srcset=\"https:\/\/roodcomunicacion.com\/rood\/wp-content\/uploads\/2025\/09\/caratula-6.jpg 2000w, https:\/\/roodcomunicacion.com\/rood\/wp-content\/uploads\/2025\/09\/caratula-6-1024x1024.jpg 1024w, https:\/\/roodcomunicacion.com\/rood\/wp-content\/uploads\/2025\/09\/caratula-6-175x175.jpg 175w, https:\/\/roodcomunicacion.com\/rood\/wp-content\/uploads\/2025\/09\/caratula-6-768x768.jpg 768w\" sizes=\"(max-width: 2000px) 100vw, 2000px\" \/>\t\t\t\t\t\t\t\t<\/a>\n\t\t\t\t\t\t\t\t\t\t\t\t\t\t\t<\/div>\n\t\t\t\t<\/div>\n\t\t\t\t\t<\/div>\n\t\t<\/div>\n\t\t\t\t<div class=\"elementor-column elementor-col-33 elementor-top-column elementor-element elementor-element-de138e5\" data-id=\"de138e5\" data-element_type=\"column\" data-e-type=\"column\">\n\t\t\t<div class=\"elementor-widget-wrap elementor-element-populated\">\n\t\t\t\t\t\t<div class=\"elementor-element elementor-element-9d1dce8 elementor-widget elementor-widget-image\" data-id=\"9d1dce8\" data-element_type=\"widget\" data-e-type=\"widget\" data-widget_type=\"image.default\">\n\t\t\t\t<div class=\"elementor-widget-container\">\n\t\t\t\t\t\t\t\t\t\t\t\t\t\t\t\t<a href=\"https:\/\/roodcomunicacion.com\/rood\/diseno-redes-sociales-factor-gfc-global\/\">\n\t\t\t\t\t\t\t<img decoding=\"async\" width=\"2000\" height=\"2000\" src=\"https:\/\/roodcomunicacion.com\/rood\/wp-content\/uploads\/2025\/09\/Sin-titulo-5-35.jpg\" class=\"attachment-full size-full wp-image-4357\" alt=\"\" srcset=\"https:\/\/roodcomunicacion.com\/rood\/wp-content\/uploads\/2025\/09\/Sin-titulo-5-35.jpg 2000w, https:\/\/roodcomunicacion.com\/rood\/wp-content\/uploads\/2025\/09\/Sin-titulo-5-35-1024x1024.jpg 1024w, https:\/\/roodcomunicacion.com\/rood\/wp-content\/uploads\/2025\/09\/Sin-titulo-5-35-175x175.jpg 175w, https:\/\/roodcomunicacion.com\/rood\/wp-content\/uploads\/2025\/09\/Sin-titulo-5-35-768x768.jpg 768w\" sizes=\"(max-width: 2000px) 100vw, 2000px\" \/>\t\t\t\t\t\t\t\t<\/a>\n\t\t\t\t\t\t\t\t\t\t\t\t\t\t\t<\/div>\n\t\t\t\t<\/div>\n\t\t\t\t\t<\/div>\n\t\t<\/div>\n\t\t\t\t\t<\/div>\n\t\t<\/section>\n\t\t\t\t<\/div>\n\t\t","protected":false},"excerpt":{"rendered":"<p>BARRA DE ARQUITECTOS DE CHIHUAHUA Redise\u00f1o de la identidad visual de la Barra de Arquitectos de Chihuahua A. C. Renovamos el logotipo de la Barra de Arquitectos de Chihuahua, A. C., simplific\u00e1ndolo y otorg\u00e1ndole un estilo m\u00e1s moderno. Se ajust\u00f3 la tipograf\u00eda para lograr un mayor equilibrio y est\u00e9tica en la marca, se estandariz\u00f3 una [&hellip;]<\/p>\n","protected":false},"author":1,"featured_media":0,"parent":0,"menu_order":0,"comment_status":"closed","ping_status":"closed","template":"","meta":{"footnotes":""},"class_list":["post-4364","page","type-page","status-publish","hentry"],"_links":{"self":[{"href":"https:\/\/roodcomunicacion.com\/rood\/wp-json\/wp\/v2\/pages\/4364","targetHints":{"allow":["GET"]}}],"collection":[{"href":"https:\/\/roodcomunicacion.com\/rood\/wp-json\/wp\/v2\/pages"}],"about":[{"href":"https:\/\/roodcomunicacion.com\/rood\/wp-json\/wp\/v2\/types\/page"}],"author":[{"embeddable":true,"href":"https:\/\/roodcomunicacion.com\/rood\/wp-json\/wp\/v2\/users\/1"}],"replies":[{"embeddable":true,"href":"https:\/\/roodcomunicacion.com\/rood\/wp-json\/wp\/v2\/comments?post=4364"}],"version-history":[{"count":10,"href":"https:\/\/roodcomunicacion.com\/rood\/wp-json\/wp\/v2\/pages\/4364\/revisions"}],"predecessor-version":[{"id":4787,"href":"https:\/\/roodcomunicacion.com\/rood\/wp-json\/wp\/v2\/pages\/4364\/revisions\/4787"}],"wp:attachment":[{"href":"https:\/\/roodcomunicacion.com\/rood\/wp-json\/wp\/v2\/media?parent=4364"}],"curies":[{"name":"wp","href":"https:\/\/api.w.org\/{rel}","templated":true}]}}