{"id":4281,"date":"2025-09-10T20:03:01","date_gmt":"2025-09-10T20:03:01","guid":{"rendered":"https:\/\/roodcomunicacion.com\/rood\/?page_id=4281"},"modified":"2025-09-27T22:21:41","modified_gmt":"2025-09-27T22:21:41","slug":"diseno-identidad-visual-colegio-de-ingenieros-civiles-de-ciudad-juarez-a-c","status":"publish","type":"page","link":"https:\/\/roodcomunicacion.com\/rood\/diseno-identidad-visual-colegio-de-ingenieros-civiles-de-ciudad-juarez-a-c\/","title":{"rendered":"Dise\u00f1o &#8211; Identidad visual Colegio de Ingenieros Civiles de Ciudad Ju\u00e1rez A. C."},"content":{"rendered":"\t\t<div data-elementor-type=\"wp-page\" data-elementor-id=\"4281\" class=\"elementor elementor-4281\">\n\t\t\t\t\t\t<section class=\"elementor-section elementor-top-section elementor-element elementor-element-eb0dc6c elementor-section-full_width elementor-section-height-default elementor-section-height-default\" data-id=\"eb0dc6c\" data-element_type=\"section\" data-e-type=\"section\" data-settings=\"{&quot;background_background&quot;:&quot;classic&quot;}\">\n\t\t\t\t\t\t<div class=\"elementor-container elementor-column-gap-default\">\n\t\t\t\t\t<div class=\"elementor-column elementor-col-100 elementor-top-column elementor-element elementor-element-14c0630\" data-id=\"14c0630\" data-element_type=\"column\" data-e-type=\"column\">\n\t\t\t<div class=\"elementor-widget-wrap elementor-element-populated\">\n\t\t\t\t\t\t<div class=\"elementor-element elementor-element-ccd2744 animated-fast elementor-invisible elementor-widget elementor-widget-gva-heading-block\" data-id=\"ccd2744\" data-element_type=\"widget\" data-e-type=\"widget\" data-settings=\"{&quot;_animation&quot;:&quot;fadeInUp&quot;}\" data-widget_type=\"gva-heading-block.default\">\n\t\t\t\t<div class=\"elementor-widget-container\">\n\t\t\t\t\t<div class=\"gva-element-gva-heading-block gva-element\">   <div class=\"align-left style-1 widget gsc-heading box-align-left auto-responsive\">\r\n      <div class=\"content-inner\">\r\n         \r\n         \r\n           \r\n         \r\n                     <h2 class=\"title\">\r\n               <span>COLEGIO DE INGENIEROS CIVILES DE CD. JU\u00c1REZ<\/span>\r\n            <\/h2>\r\n                  \r\n         \r\n      <\/div>\r\n   <\/div>\r\n<\/div>\t\t\t\t<\/div>\n\t\t\t\t<\/div>\n\t\t\t\t\t<\/div>\n\t\t<\/div>\n\t\t\t\t\t<\/div>\n\t\t<\/section>\n\t\t\t\t<section class=\"elementor-section elementor-top-section elementor-element elementor-element-d713bf1 elementor-section-boxed elementor-section-height-default elementor-section-height-default elementor-invisible\" data-id=\"d713bf1\" data-element_type=\"section\" data-e-type=\"section\" data-settings=\"{&quot;animation&quot;:&quot;fadeIn&quot;}\">\n\t\t\t\t\t\t<div class=\"elementor-container elementor-column-gap-default\">\n\t\t\t\t\t<div class=\"elementor-column elementor-col-50 elementor-top-column elementor-element elementor-element-0cfb2d4\" data-id=\"0cfb2d4\" data-element_type=\"column\" data-e-type=\"column\">\n\t\t\t<div class=\"elementor-widget-wrap elementor-element-populated\">\n\t\t\t\t\t\t<div class=\"elementor-element elementor-element-b58c550 elementor-widget elementor-widget-text-editor\" data-id=\"b58c550\" data-element_type=\"widget\" data-e-type=\"widget\" data-widget_type=\"text-editor.default\">\n\t\t\t\t<div class=\"elementor-widget-container\">\n\t\t\t\t\t\t\t\t\t<p><span style=\"color: #000000;\"><strong>Identidad visual Colegio de Ingenieros Civiles de Ciudad Ju\u00e1rez A. C.<\/strong><\/span><\/p><p style=\"text-align: justify;\"><span style=\"color: #000000;\">Dise\u00f1amos la identidad visual del Colegio de Ingenieros Civiles de Ciudad Ju\u00e1rez, partiendo de la adaptaci\u00f3n de su logotipo anterior. Se opt\u00f3 por un estilo flat design, eliminando los efectos tridimensionales para lograr una imagen m\u00e1s actual y vers\u00e1til. La propuesta integra una paleta crom\u00e1tica en tonos naranjas y grises, que transmite energ\u00eda y solidez, adem\u00e1s de la silueta de la estructura exterior del edificio Cepia como elemento distintivo, reforzando el v\u00ednculo entre la instituci\u00f3n y su patrimonio arquitect\u00f3nico.<\/span><\/p>\t\t\t\t\t\t\t\t<\/div>\n\t\t\t\t<\/div>\n\t\t\t\t<div class=\"elementor-element elementor-element-f6c487c elementor-widget elementor-widget-text-editor\" data-id=\"f6c487c\" data-element_type=\"widget\" data-e-type=\"widget\" data-widget_type=\"text-editor.default\">\n\t\t\t\t<div class=\"elementor-widget-container\">\n\t\t\t\t\t\t\t\t\t<p style=\"text-align: left;\"><span style=\"color: #000000;\"><strong>Info<br \/><\/strong><\/span>Servicio: Dise\u00f1o<br \/>Cliente: Colegio de Ingenieros Civiles de Ciudad Ju\u00e1rez A. C.<br \/>Categor\u00eda: Branding, logotipo<br \/>A\u00f1o: 2021<\/p>\t\t\t\t\t\t\t\t<\/div>\n\t\t\t\t<\/div>\n\t\t\t\t\t<\/div>\n\t\t<\/div>\n\t\t\t\t<div class=\"elementor-column elementor-col-50 elementor-top-column elementor-element elementor-element-8a5ffe8\" data-id=\"8a5ffe8\" data-element_type=\"column\" data-e-type=\"column\">\n\t\t\t<div class=\"elementor-widget-wrap elementor-element-populated\">\n\t\t\t\t\t\t<div class=\"elementor-element elementor-element-4050e22 elementor-invisible elementor-widget elementor-widget-gva-gallery\" data-id=\"4050e22\" data-element_type=\"widget\" data-e-type=\"widget\" data-settings=\"{&quot;_animation&quot;:&quot;fadeIn&quot;}\" data-widget_type=\"gva-gallery.default\">\n\t\t\t\t<div class=\"elementor-widget-container\">\n\t\t\t\t\t<div class=\"gva-element-gva-gallery gva-element\">\r\n<div class=\"gva-gallery-carousel swiper-slider-wrapper style-1 margin-disable\">\r\n\t<div class=\"swiper-content-inner\">\r\n   \t<div class=\"init-carousel-swiper swiper\" data-carousel=\"{&quot;items&quot;:1,&quot;items_lg&quot;:1,&quot;items_md&quot;:1,&quot;items_sm&quot;:1,&quot;items_xs&quot;:1,&quot;items_xx&quot;:1,&quot;effect&quot;:&quot;slide&quot;,&quot;space_between&quot;:0,&quot;loop&quot;:1,&quot;speed&quot;:600,&quot;autoplay&quot;:1,&quot;autoplay_delay&quot;:4000,&quot;autoplay_hover&quot;:1,&quot;navigation&quot;:1,&quot;pagination&quot;:1,&quot;dynamic_bullets&quot;:0,&quot;pagination_type&quot;:&quot;bullets&quot;}\">\r\n      \t<div class=\"swiper-wrapper\">\r\n\t\t\t\t<div class=\"swiper-slide item\">\r\n<div class=\"gallery-item style-1\">\r\n\r\n               <div class=\"image\">\r\n            <img decoding=\"async\" src=\"https:\/\/roodcomunicacion.com\/rood\/wp-content\/uploads\/2025\/09\/1-19.jpg\" alt=\"\" \/>  \r\n         <\/div>\r\n         <a class=\"photo-gallery\" href=\"https:\/\/roodcomunicacion.com\/rood\/wp-content\/uploads\/2025\/09\/1-19.jpg\" data-elementor-lightbox-slideshow=\"gallery-twp1\"><\/a>\r\n      \r\n      <div class=\"image-content\">\r\n         <div class=\"content-inner\">\r\n                                 <\/div>   \r\n      <\/div>\r\n\r\n   <\/div>\r\n<\/div><div class=\"swiper-slide item\">\r\n<div class=\"gallery-item style-1\">\r\n\r\n               <div class=\"image\">\r\n            <img decoding=\"async\" src=\"https:\/\/roodcomunicacion.com\/rood\/wp-content\/uploads\/2025\/09\/2-20.jpg\" alt=\"\" \/>  \r\n         <\/div>\r\n         <a class=\"photo-gallery\" href=\"https:\/\/roodcomunicacion.com\/rood\/wp-content\/uploads\/2025\/09\/2-20.jpg\" data-elementor-lightbox-slideshow=\"gallery-twp1\"><\/a>\r\n      \r\n      <div class=\"image-content\">\r\n         <div class=\"content-inner\">\r\n                                 <\/div>   \r\n      <\/div>\r\n\r\n   <\/div>\r\n<\/div><div class=\"swiper-slide item\">\r\n<div class=\"gallery-item style-1\">\r\n\r\n               <div class=\"image\">\r\n            <img decoding=\"async\" src=\"https:\/\/roodcomunicacion.com\/rood\/wp-content\/uploads\/2025\/09\/3-20.jpg\" alt=\"\" \/>  \r\n         <\/div>\r\n         <a class=\"photo-gallery\" href=\"https:\/\/roodcomunicacion.com\/rood\/wp-content\/uploads\/2025\/09\/3-20.jpg\" data-elementor-lightbox-slideshow=\"gallery-twp1\"><\/a>\r\n      \r\n      <div class=\"image-content\">\r\n         <div class=\"content-inner\">\r\n                                 <\/div>   \r\n      <\/div>\r\n\r\n   <\/div>\r\n<\/div><div class=\"swiper-slide item\">\r\n<div class=\"gallery-item style-1\">\r\n\r\n               <div class=\"image\">\r\n            <img decoding=\"async\" src=\"https:\/\/roodcomunicacion.com\/rood\/wp-content\/uploads\/2025\/09\/4-14.jpg\" alt=\"\" \/>  \r\n         <\/div>\r\n         <a class=\"photo-gallery\" href=\"https:\/\/roodcomunicacion.com\/rood\/wp-content\/uploads\/2025\/09\/4-14.jpg\" data-elementor-lightbox-slideshow=\"gallery-twp1\"><\/a>\r\n      \r\n      <div class=\"image-content\">\r\n         <div class=\"content-inner\">\r\n                                 <\/div>   \r\n      <\/div>\r\n\r\n   <\/div>\r\n<\/div><div class=\"swiper-slide item\">\r\n<div class=\"gallery-item style-1\">\r\n\r\n               <div class=\"image\">\r\n            <img decoding=\"async\" src=\"https:\/\/roodcomunicacion.com\/rood\/wp-content\/uploads\/2025\/09\/rood_1200.jpg\" alt=\"\" \/>  \r\n         <\/div>\r\n         <a class=\"photo-gallery\" href=\"https:\/\/roodcomunicacion.com\/rood\/wp-content\/uploads\/2025\/09\/rood_1200.jpg\" data-elementor-lightbox-slideshow=\"gallery-twp1\"><\/a>\r\n      \r\n      <div class=\"image-content\">\r\n         <div class=\"content-inner\">\r\n                                 <\/div>   \r\n      <\/div>\r\n\r\n   <\/div>\r\n<\/div>\t\t\t<\/div>\r\n\t\t<\/div>\r\n\t<\/div>\r\n\t<div class=\"swiper-pagination\"><\/div>   <div class=\"swiper-nav-next\"><\/div><div class=\"swiper-nav-prev\"><\/div><\/div>\r\n<\/div>\t\t\t\t<\/div>\n\t\t\t\t<\/div>\n\t\t\t\t\t<\/div>\n\t\t<\/div>\n\t\t\t\t\t<\/div>\n\t\t<\/section>\n\t\t\t\t<section class=\"elementor-section elementor-top-section elementor-element elementor-element-0ba37d1 elementor-section-boxed elementor-section-height-default elementor-section-height-default elementor-invisible\" data-id=\"0ba37d1\" data-element_type=\"section\" data-e-type=\"section\" data-settings=\"{&quot;animation&quot;:&quot;fadeIn&quot;}\">\n\t\t\t\t\t\t<div class=\"elementor-container elementor-column-gap-default\">\n\t\t\t\t\t<div class=\"elementor-column elementor-col-100 elementor-top-column elementor-element elementor-element-2f722eb\" data-id=\"2f722eb\" data-element_type=\"column\" data-e-type=\"column\">\n\t\t\t<div class=\"elementor-widget-wrap elementor-element-populated\">\n\t\t\t\t\t\t<div class=\"elementor-element elementor-element-b6e1a7a elementor-widget elementor-widget-text-editor\" data-id=\"b6e1a7a\" data-element_type=\"widget\" data-e-type=\"widget\" data-widget_type=\"text-editor.default\">\n\t\t\t\t<div class=\"elementor-widget-container\">\n\t\t\t\t\t\t\t\t\t<p><strong>Otros proyectos<\/strong><\/p>\t\t\t\t\t\t\t\t<\/div>\n\t\t\t\t<\/div>\n\t\t\t\t\t<\/div>\n\t\t<\/div>\n\t\t\t\t\t<\/div>\n\t\t<\/section>\n\t\t\t\t<section class=\"elementor-section elementor-top-section elementor-element elementor-element-5c7f552 elementor-section-boxed elementor-section-height-default elementor-section-height-default elementor-invisible\" data-id=\"5c7f552\" data-element_type=\"section\" data-e-type=\"section\" data-settings=\"{&quot;animation&quot;:&quot;fadeIn&quot;}\">\n\t\t\t\t\t\t<div class=\"elementor-container elementor-column-gap-default\">\n\t\t\t\t\t<div class=\"elementor-column elementor-col-33 elementor-top-column elementor-element elementor-element-d59170f\" data-id=\"d59170f\" data-element_type=\"column\" data-e-type=\"column\">\n\t\t\t<div class=\"elementor-widget-wrap elementor-element-populated\">\n\t\t\t\t\t\t<div class=\"elementor-element elementor-element-ae489b9 elementor-widget elementor-widget-image\" data-id=\"ae489b9\" data-element_type=\"widget\" data-e-type=\"widget\" data-widget_type=\"image.default\">\n\t\t\t\t<div class=\"elementor-widget-container\">\n\t\t\t\t\t\t\t\t\t\t\t\t\t\t\t\t<a href=\"https:\/\/roodcomunicacion.com\/rood\/diseno-identidad-visual-de-la-asociacion-de-distribuidores-de-automotores-del-estado-de-chihuahua-a-c\/\">\n\t\t\t\t\t\t\t<img fetchpriority=\"high\" decoding=\"async\" width=\"2000\" height=\"2000\" src=\"https:\/\/roodcomunicacion.com\/rood\/wp-content\/uploads\/2025\/09\/Sin-titulo-5-23.jpg\" class=\"attachment-full size-full wp-image-4294\" alt=\"\" srcset=\"https:\/\/roodcomunicacion.com\/rood\/wp-content\/uploads\/2025\/09\/Sin-titulo-5-23.jpg 2000w, https:\/\/roodcomunicacion.com\/rood\/wp-content\/uploads\/2025\/09\/Sin-titulo-5-23-1024x1024.jpg 1024w, https:\/\/roodcomunicacion.com\/rood\/wp-content\/uploads\/2025\/09\/Sin-titulo-5-23-175x175.jpg 175w, https:\/\/roodcomunicacion.com\/rood\/wp-content\/uploads\/2025\/09\/Sin-titulo-5-23-768x768.jpg 768w\" sizes=\"(max-width: 2000px) 100vw, 2000px\" \/>\t\t\t\t\t\t\t\t<\/a>\n\t\t\t\t\t\t\t\t\t\t\t\t\t\t\t<\/div>\n\t\t\t\t<\/div>\n\t\t\t\t\t<\/div>\n\t\t<\/div>\n\t\t\t\t<div class=\"elementor-column elementor-col-33 elementor-top-column elementor-element elementor-element-f5c8ea8\" data-id=\"f5c8ea8\" data-element_type=\"column\" data-e-type=\"column\">\n\t\t\t<div class=\"elementor-widget-wrap elementor-element-populated\">\n\t\t\t\t\t\t<div class=\"elementor-element elementor-element-dba571a elementor-widget elementor-widget-image\" data-id=\"dba571a\" data-element_type=\"widget\" data-e-type=\"widget\" data-widget_type=\"image.default\">\n\t\t\t\t<div class=\"elementor-widget-container\">\n\t\t\t\t\t\t\t\t\t\t\t\t\t\t\t\t<a href=\"https:\/\/roodcomunicacion.com\/rood\/diseno-cuaderno-para-el-informe-de-actividades-fechac\/\">\n\t\t\t\t\t\t\t<img decoding=\"async\" width=\"2000\" height=\"2000\" src=\"https:\/\/roodcomunicacion.com\/rood\/wp-content\/uploads\/2025\/09\/Caratula-7.jpg\" class=\"attachment-full size-full wp-image-4242\" alt=\"\" srcset=\"https:\/\/roodcomunicacion.com\/rood\/wp-content\/uploads\/2025\/09\/Caratula-7.jpg 2000w, https:\/\/roodcomunicacion.com\/rood\/wp-content\/uploads\/2025\/09\/Caratula-7-1024x1024.jpg 1024w, https:\/\/roodcomunicacion.com\/rood\/wp-content\/uploads\/2025\/09\/Caratula-7-175x175.jpg 175w, https:\/\/roodcomunicacion.com\/rood\/wp-content\/uploads\/2025\/09\/Caratula-7-768x768.jpg 768w\" sizes=\"(max-width: 2000px) 100vw, 2000px\" \/>\t\t\t\t\t\t\t\t<\/a>\n\t\t\t\t\t\t\t\t\t\t\t\t\t\t\t<\/div>\n\t\t\t\t<\/div>\n\t\t\t\t\t<\/div>\n\t\t<\/div>\n\t\t\t\t<div class=\"elementor-column elementor-col-33 elementor-top-column elementor-element elementor-element-de138e5\" data-id=\"de138e5\" data-element_type=\"column\" data-e-type=\"column\">\n\t\t\t<div class=\"elementor-widget-wrap elementor-element-populated\">\n\t\t\t\t\t\t<div class=\"elementor-element elementor-element-9d1dce8 elementor-widget elementor-widget-image\" data-id=\"9d1dce8\" data-element_type=\"widget\" data-e-type=\"widget\" data-widget_type=\"image.default\">\n\t\t\t\t<div class=\"elementor-widget-container\">\n\t\t\t\t\t\t\t\t\t\t\t\t\t\t\t\t<a href=\"https:\/\/roodcomunicacion.com\/rood\/diseno-logotipo-iniciativa-mexico-digno\/\">\n\t\t\t\t\t\t\t<img decoding=\"async\" width=\"2000\" height=\"2000\" src=\"https:\/\/roodcomunicacion.com\/rood\/wp-content\/uploads\/2025\/09\/Sin-titulo-5-31.jpg\" class=\"attachment-full size-full wp-image-4344\" alt=\"\" srcset=\"https:\/\/roodcomunicacion.com\/rood\/wp-content\/uploads\/2025\/09\/Sin-titulo-5-31.jpg 2000w, https:\/\/roodcomunicacion.com\/rood\/wp-content\/uploads\/2025\/09\/Sin-titulo-5-31-1024x1024.jpg 1024w, https:\/\/roodcomunicacion.com\/rood\/wp-content\/uploads\/2025\/09\/Sin-titulo-5-31-175x175.jpg 175w, https:\/\/roodcomunicacion.com\/rood\/wp-content\/uploads\/2025\/09\/Sin-titulo-5-31-768x768.jpg 768w\" sizes=\"(max-width: 2000px) 100vw, 2000px\" \/>\t\t\t\t\t\t\t\t<\/a>\n\t\t\t\t\t\t\t\t\t\t\t\t\t\t\t<\/div>\n\t\t\t\t<\/div>\n\t\t\t\t\t<\/div>\n\t\t<\/div>\n\t\t\t\t\t<\/div>\n\t\t<\/section>\n\t\t\t\t<\/div>\n\t\t","protected":false},"excerpt":{"rendered":"<p>COLEGIO DE INGENIEROS CIVILES DE CD. JU\u00c1REZ Identidad visual Colegio de Ingenieros Civiles de Ciudad Ju\u00e1rez A. C. Dise\u00f1amos la identidad visual del Colegio de Ingenieros Civiles de Ciudad Ju\u00e1rez, partiendo de la adaptaci\u00f3n de su logotipo anterior. Se opt\u00f3 por un estilo flat design, eliminando los efectos tridimensionales para lograr una imagen m\u00e1s actual [&hellip;]<\/p>\n","protected":false},"author":1,"featured_media":0,"parent":0,"menu_order":0,"comment_status":"closed","ping_status":"closed","template":"","meta":{"footnotes":""},"class_list":["post-4281","page","type-page","status-publish","hentry"],"_links":{"self":[{"href":"https:\/\/roodcomunicacion.com\/rood\/wp-json\/wp\/v2\/pages\/4281","targetHints":{"allow":["GET"]}}],"collection":[{"href":"https:\/\/roodcomunicacion.com\/rood\/wp-json\/wp\/v2\/pages"}],"about":[{"href":"https:\/\/roodcomunicacion.com\/rood\/wp-json\/wp\/v2\/types\/page"}],"author":[{"embeddable":true,"href":"https:\/\/roodcomunicacion.com\/rood\/wp-json\/wp\/v2\/users\/1"}],"replies":[{"embeddable":true,"href":"https:\/\/roodcomunicacion.com\/rood\/wp-json\/wp\/v2\/comments?post=4281"}],"version-history":[{"count":7,"href":"https:\/\/roodcomunicacion.com\/rood\/wp-json\/wp\/v2\/pages\/4281\/revisions"}],"predecessor-version":[{"id":4435,"href":"https:\/\/roodcomunicacion.com\/rood\/wp-json\/wp\/v2\/pages\/4281\/revisions\/4435"}],"wp:attachment":[{"href":"https:\/\/roodcomunicacion.com\/rood\/wp-json\/wp\/v2\/media?parent=4281"}],"curies":[{"name":"wp","href":"https:\/\/api.w.org\/{rel}","templated":true}]}}