{"id":3650,"date":"2025-08-14T18:05:58","date_gmt":"2025-08-14T18:05:58","guid":{"rendered":"https:\/\/roodcomunicacion.com\/rood\/?page_id=3650"},"modified":"2025-09-27T07:43:25","modified_gmt":"2025-09-27T07:43:25","slug":"web-pagina-web-del-colegio-de-arquitectos-de-chihuahua","status":"publish","type":"page","link":"https:\/\/roodcomunicacion.com\/rood\/web-pagina-web-del-colegio-de-arquitectos-de-chihuahua\/","title":{"rendered":"Web &#8211; P\u00e1gina Web del Colegio de Arquitectos de Chihuahua"},"content":{"rendered":"\t\t<div data-elementor-type=\"wp-page\" data-elementor-id=\"3650\" class=\"elementor elementor-3650\">\n\t\t\t\t\t\t<section class=\"elementor-section elementor-top-section elementor-element elementor-element-eb0dc6c elementor-section-full_width elementor-section-height-default elementor-section-height-default\" data-id=\"eb0dc6c\" data-element_type=\"section\" data-e-type=\"section\" data-settings=\"{&quot;background_background&quot;:&quot;classic&quot;}\">\n\t\t\t\t\t\t<div class=\"elementor-container elementor-column-gap-default\">\n\t\t\t\t\t<div class=\"elementor-column elementor-col-100 elementor-top-column elementor-element elementor-element-14c0630\" data-id=\"14c0630\" data-element_type=\"column\" data-e-type=\"column\">\n\t\t\t<div class=\"elementor-widget-wrap elementor-element-populated\">\n\t\t\t\t\t\t<div class=\"elementor-element elementor-element-ccd2744 animated-fast elementor-invisible elementor-widget elementor-widget-gva-heading-block\" data-id=\"ccd2744\" data-element_type=\"widget\" data-e-type=\"widget\" data-settings=\"{&quot;_animation&quot;:&quot;fadeInUp&quot;}\" data-widget_type=\"gva-heading-block.default\">\n\t\t\t\t<div class=\"elementor-widget-container\">\n\t\t\t\t\t<div class=\"gva-element-gva-heading-block gva-element\">   <div class=\"align-left style-1 widget gsc-heading box-align-left auto-responsive\">\r\n      <div class=\"content-inner\">\r\n         \r\n         \r\n           \r\n         \r\n                     <h2 class=\"title\">\r\n               <span>CACHAC<\/span>\r\n            <\/h2>\r\n                  \r\n         \r\n      <\/div>\r\n   <\/div>\r\n<\/div>\t\t\t\t<\/div>\n\t\t\t\t<\/div>\n\t\t\t\t\t<\/div>\n\t\t<\/div>\n\t\t\t\t\t<\/div>\n\t\t<\/section>\n\t\t\t\t<section class=\"elementor-section elementor-top-section elementor-element elementor-element-d713bf1 elementor-section-boxed elementor-section-height-default elementor-section-height-default elementor-invisible\" data-id=\"d713bf1\" data-element_type=\"section\" data-e-type=\"section\" data-settings=\"{&quot;animation&quot;:&quot;fadeIn&quot;}\">\n\t\t\t\t\t\t<div class=\"elementor-container elementor-column-gap-default\">\n\t\t\t\t\t<div class=\"elementor-column elementor-col-50 elementor-top-column elementor-element elementor-element-0cfb2d4\" data-id=\"0cfb2d4\" data-element_type=\"column\" data-e-type=\"column\">\n\t\t\t<div class=\"elementor-widget-wrap elementor-element-populated\">\n\t\t\t\t\t\t<div class=\"elementor-element elementor-element-b58c550 elementor-widget elementor-widget-text-editor\" data-id=\"b58c550\" data-element_type=\"widget\" data-e-type=\"widget\" data-widget_type=\"text-editor.default\">\n\t\t\t\t<div class=\"elementor-widget-container\">\n\t\t\t\t\t\t\t\t\t<p><span style=\"color: #000000;\"><strong>P\u00e1gina web del Colegio de Arquitectos de Chihuahua A. C.<\/strong><\/span><\/p>\n<p style=\"text-align: justify;\"><span style=\"color: #000000;\">Para este proyecto, fuimos responsables del dise\u00f1o integral y desarrollo web de la p\u00e1gina del colegio, logrando una plataforma funcional y alineada a su identidad institucional.<\/span><\/p>\t\t\t\t\t\t\t\t<\/div>\n\t\t\t\t<\/div>\n\t\t\t\t<div class=\"elementor-element elementor-element-f6c487c elementor-widget elementor-widget-text-editor\" data-id=\"f6c487c\" data-element_type=\"widget\" data-e-type=\"widget\" data-widget_type=\"text-editor.default\">\n\t\t\t\t<div class=\"elementor-widget-container\">\n\t\t\t\t\t\t\t\t\t<p><span style=\"color: #000000;\"><strong>Info<br \/><\/strong><\/span>Servicio: Dise\u00f1o<br \/>Cliente: Colegio de Arquitectos de Chihuahua A. C.<br \/>Categor\u00eda: Web<\/p>\t\t\t\t\t\t\t\t<\/div>\n\t\t\t\t<\/div>\n\t\t\t\t\t<\/div>\n\t\t<\/div>\n\t\t\t\t<div class=\"elementor-column elementor-col-50 elementor-top-column elementor-element elementor-element-8a5ffe8\" data-id=\"8a5ffe8\" data-element_type=\"column\" data-e-type=\"column\">\n\t\t\t<div class=\"elementor-widget-wrap elementor-element-populated\">\n\t\t\t\t\t\t<div class=\"elementor-element elementor-element-f0b94fd elementor-invisible elementor-widget elementor-widget-gva-gallery\" data-id=\"f0b94fd\" data-element_type=\"widget\" data-e-type=\"widget\" data-settings=\"{&quot;_animation&quot;:&quot;fadeIn&quot;}\" data-widget_type=\"gva-gallery.default\">\n\t\t\t\t<div class=\"elementor-widget-container\">\n\t\t\t\t\t<div class=\"gva-element-gva-gallery gva-element\">\r\n<div class=\"gva-gallery-carousel swiper-slider-wrapper style-1 margin-disable\">\r\n\t<div class=\"swiper-content-inner\">\r\n   \t<div class=\"init-carousel-swiper swiper\" data-carousel=\"{&quot;items&quot;:1,&quot;items_lg&quot;:1,&quot;items_md&quot;:1,&quot;items_sm&quot;:1,&quot;items_xs&quot;:1,&quot;items_xx&quot;:1,&quot;effect&quot;:&quot;slide&quot;,&quot;space_between&quot;:0,&quot;loop&quot;:1,&quot;speed&quot;:600,&quot;autoplay&quot;:1,&quot;autoplay_delay&quot;:4000,&quot;autoplay_hover&quot;:1,&quot;navigation&quot;:1,&quot;pagination&quot;:1,&quot;dynamic_bullets&quot;:0,&quot;pagination_type&quot;:&quot;bullets&quot;}\">\r\n      \t<div class=\"swiper-wrapper\">\r\n\t\t\t\t<div class=\"swiper-slide item\">\r\n<div class=\"gallery-item style-1\">\r\n\r\n               <div class=\"image\">\r\n            <img decoding=\"async\" src=\"https:\/\/roodcomunicacion.com\/rood\/wp-content\/uploads\/2025\/09\/1-2.jpg\" alt=\"\" \/>  \r\n         <\/div>\r\n         <a class=\"photo-gallery\" href=\"https:\/\/roodcomunicacion.com\/rood\/wp-content\/uploads\/2025\/09\/1-2.jpg\" data-elementor-lightbox-slideshow=\"gallery-gm4w\"><\/a>\r\n      \r\n      <div class=\"image-content\">\r\n         <div class=\"content-inner\">\r\n                                 <\/div>   \r\n      <\/div>\r\n\r\n   <\/div>\r\n<\/div><div class=\"swiper-slide item\">\r\n<div class=\"gallery-item style-1\">\r\n\r\n               <div class=\"image\">\r\n            <img decoding=\"async\" src=\"https:\/\/roodcomunicacion.com\/rood\/wp-content\/uploads\/2025\/09\/2-2.jpg\" alt=\"\" \/>  \r\n         <\/div>\r\n         <a class=\"photo-gallery\" href=\"https:\/\/roodcomunicacion.com\/rood\/wp-content\/uploads\/2025\/09\/2-2.jpg\" data-elementor-lightbox-slideshow=\"gallery-gm4w\"><\/a>\r\n      \r\n      <div class=\"image-content\">\r\n         <div class=\"content-inner\">\r\n                                 <\/div>   \r\n      <\/div>\r\n\r\n   <\/div>\r\n<\/div><div class=\"swiper-slide item\">\r\n<div class=\"gallery-item style-1\">\r\n\r\n               <div class=\"image\">\r\n            <img decoding=\"async\" src=\"https:\/\/roodcomunicacion.com\/rood\/wp-content\/uploads\/2025\/09\/3-2.jpg\" alt=\"\" \/>  \r\n         <\/div>\r\n         <a class=\"photo-gallery\" href=\"https:\/\/roodcomunicacion.com\/rood\/wp-content\/uploads\/2025\/09\/3-2.jpg\" data-elementor-lightbox-slideshow=\"gallery-gm4w\"><\/a>\r\n      \r\n      <div class=\"image-content\">\r\n         <div class=\"content-inner\">\r\n                                 <\/div>   \r\n      <\/div>\r\n\r\n   <\/div>\r\n<\/div><div class=\"swiper-slide item\">\r\n<div class=\"gallery-item style-1\">\r\n\r\n               <div class=\"image\">\r\n            <img decoding=\"async\" src=\"https:\/\/roodcomunicacion.com\/rood\/wp-content\/uploads\/2025\/09\/rood_1500.jpg\" alt=\"\" \/>  \r\n         <\/div>\r\n         <a class=\"photo-gallery\" href=\"https:\/\/roodcomunicacion.com\/rood\/wp-content\/uploads\/2025\/09\/rood_1500.jpg\" data-elementor-lightbox-slideshow=\"gallery-gm4w\"><\/a>\r\n      \r\n      <div class=\"image-content\">\r\n         <div class=\"content-inner\">\r\n                                 <\/div>   \r\n      <\/div>\r\n\r\n   <\/div>\r\n<\/div>\t\t\t<\/div>\r\n\t\t<\/div>\r\n\t<\/div>\r\n\t<div class=\"swiper-pagination\"><\/div>   <div class=\"swiper-nav-next\"><\/div><div class=\"swiper-nav-prev\"><\/div><\/div>\r\n<\/div>\t\t\t\t<\/div>\n\t\t\t\t<\/div>\n\t\t\t\t\t<\/div>\n\t\t<\/div>\n\t\t\t\t\t<\/div>\n\t\t<\/section>\n\t\t\t\t<section class=\"elementor-section elementor-top-section elementor-element elementor-element-0ba37d1 elementor-section-boxed elementor-section-height-default elementor-section-height-default elementor-invisible\" data-id=\"0ba37d1\" data-element_type=\"section\" data-e-type=\"section\" data-settings=\"{&quot;animation&quot;:&quot;fadeIn&quot;}\">\n\t\t\t\t\t\t<div class=\"elementor-container elementor-column-gap-default\">\n\t\t\t\t\t<div class=\"elementor-column elementor-col-100 elementor-top-column elementor-element elementor-element-2f722eb\" data-id=\"2f722eb\" data-element_type=\"column\" data-e-type=\"column\">\n\t\t\t<div class=\"elementor-widget-wrap elementor-element-populated\">\n\t\t\t\t\t\t<div class=\"elementor-element elementor-element-b6e1a7a elementor-widget elementor-widget-text-editor\" data-id=\"b6e1a7a\" data-element_type=\"widget\" data-e-type=\"widget\" data-widget_type=\"text-editor.default\">\n\t\t\t\t<div class=\"elementor-widget-container\">\n\t\t\t\t\t\t\t\t\t<p><strong>Otros proyectos<\/strong><\/p>\t\t\t\t\t\t\t\t<\/div>\n\t\t\t\t<\/div>\n\t\t\t\t\t<\/div>\n\t\t<\/div>\n\t\t\t\t\t<\/div>\n\t\t<\/section>\n\t\t\t\t<section class=\"elementor-section elementor-top-section elementor-element elementor-element-5c7f552 elementor-section-boxed elementor-section-height-default elementor-section-height-default elementor-invisible\" data-id=\"5c7f552\" data-element_type=\"section\" data-e-type=\"section\" data-settings=\"{&quot;animation&quot;:&quot;fadeIn&quot;}\">\n\t\t\t\t\t\t<div class=\"elementor-container elementor-column-gap-default\">\n\t\t\t\t\t<div class=\"elementor-column elementor-col-33 elementor-top-column elementor-element elementor-element-d59170f\" data-id=\"d59170f\" data-element_type=\"column\" data-e-type=\"column\">\n\t\t\t<div class=\"elementor-widget-wrap elementor-element-populated\">\n\t\t\t\t\t\t<div class=\"elementor-element elementor-element-ae489b9 elementor-widget elementor-widget-image\" data-id=\"ae489b9\" data-element_type=\"widget\" data-e-type=\"widget\" data-widget_type=\"image.default\">\n\t\t\t\t<div class=\"elementor-widget-container\">\n\t\t\t\t\t\t\t\t\t\t\t\t\t\t\t\t<a href=\"https:\/\/roodcomunicacion.com\/rood\/web-pagina-web-del-cce\/\">\n\t\t\t\t\t\t\t<img fetchpriority=\"high\" decoding=\"async\" width=\"2000\" height=\"2000\" src=\"https:\/\/roodcomunicacion.com\/rood\/wp-content\/uploads\/2025\/09\/Sin-titulo-5-02.jpg\" class=\"attachment-full size-full wp-image-3856\" alt=\"\" srcset=\"https:\/\/roodcomunicacion.com\/rood\/wp-content\/uploads\/2025\/09\/Sin-titulo-5-02.jpg 2000w, https:\/\/roodcomunicacion.com\/rood\/wp-content\/uploads\/2025\/09\/Sin-titulo-5-02-1024x1024.jpg 1024w, https:\/\/roodcomunicacion.com\/rood\/wp-content\/uploads\/2025\/09\/Sin-titulo-5-02-175x175.jpg 175w, https:\/\/roodcomunicacion.com\/rood\/wp-content\/uploads\/2025\/09\/Sin-titulo-5-02-768x768.jpg 768w\" sizes=\"(max-width: 2000px) 100vw, 2000px\" \/>\t\t\t\t\t\t\t\t<\/a>\n\t\t\t\t\t\t\t\t\t\t\t\t\t\t\t<\/div>\n\t\t\t\t<\/div>\n\t\t\t\t\t<\/div>\n\t\t<\/div>\n\t\t\t\t<div class=\"elementor-column elementor-col-33 elementor-top-column elementor-element elementor-element-f5c8ea8\" data-id=\"f5c8ea8\" data-element_type=\"column\" data-e-type=\"column\">\n\t\t\t<div class=\"elementor-widget-wrap elementor-element-populated\">\n\t\t\t\t\t\t<div class=\"elementor-element elementor-element-dba571a elementor-widget elementor-widget-image\" data-id=\"dba571a\" data-element_type=\"widget\" data-e-type=\"widget\" data-widget_type=\"image.default\">\n\t\t\t\t<div class=\"elementor-widget-container\">\n\t\t\t\t\t\t\t\t\t\t\t\t\t\t\t\t<a href=\"https:\/\/roodcomunicacion.com\/rood\/fotografia-sesion-fotografica-empresarial\/\">\n\t\t\t\t\t\t\t<img decoding=\"async\" width=\"2000\" height=\"2000\" src=\"https:\/\/roodcomunicacion.com\/rood\/wp-content\/uploads\/2025\/09\/IMG_4382.jpg\" class=\"attachment-full size-full wp-image-4057\" alt=\"\" srcset=\"https:\/\/roodcomunicacion.com\/rood\/wp-content\/uploads\/2025\/09\/IMG_4382.jpg 2000w, https:\/\/roodcomunicacion.com\/rood\/wp-content\/uploads\/2025\/09\/IMG_4382-1024x1024.jpg 1024w, https:\/\/roodcomunicacion.com\/rood\/wp-content\/uploads\/2025\/09\/IMG_4382-175x175.jpg 175w, https:\/\/roodcomunicacion.com\/rood\/wp-content\/uploads\/2025\/09\/IMG_4382-768x768.jpg 768w\" sizes=\"(max-width: 2000px) 100vw, 2000px\" \/>\t\t\t\t\t\t\t\t<\/a>\n\t\t\t\t\t\t\t\t\t\t\t\t\t\t\t<\/div>\n\t\t\t\t<\/div>\n\t\t\t\t\t<\/div>\n\t\t<\/div>\n\t\t\t\t<div class=\"elementor-column elementor-col-33 elementor-top-column elementor-element elementor-element-de138e5\" data-id=\"de138e5\" data-element_type=\"column\" data-e-type=\"column\">\n\t\t\t<div class=\"elementor-widget-wrap elementor-element-populated\">\n\t\t\t\t\t\t<div class=\"elementor-element elementor-element-9d1dce8 elementor-widget elementor-widget-image\" data-id=\"9d1dce8\" data-element_type=\"widget\" data-e-type=\"widget\" data-widget_type=\"image.default\">\n\t\t\t\t<div class=\"elementor-widget-container\">\n\t\t\t\t\t\t\t\t\t\t\t\t\t\t\t\t<a href=\"https:\/\/roodcomunicacion.com\/rood\/web-pagina-web-de-factor-gfc-global\/\">\n\t\t\t\t\t\t\t<img decoding=\"async\" width=\"2000\" height=\"2000\" src=\"https:\/\/roodcomunicacion.com\/rood\/wp-content\/uploads\/2025\/09\/Sin-titulo-5-03.jpg\" class=\"attachment-full size-full wp-image-3847\" alt=\"\" srcset=\"https:\/\/roodcomunicacion.com\/rood\/wp-content\/uploads\/2025\/09\/Sin-titulo-5-03.jpg 2000w, https:\/\/roodcomunicacion.com\/rood\/wp-content\/uploads\/2025\/09\/Sin-titulo-5-03-1024x1024.jpg 1024w, https:\/\/roodcomunicacion.com\/rood\/wp-content\/uploads\/2025\/09\/Sin-titulo-5-03-175x175.jpg 175w, https:\/\/roodcomunicacion.com\/rood\/wp-content\/uploads\/2025\/09\/Sin-titulo-5-03-768x768.jpg 768w\" sizes=\"(max-width: 2000px) 100vw, 2000px\" \/>\t\t\t\t\t\t\t\t<\/a>\n\t\t\t\t\t\t\t\t\t\t\t\t\t\t\t<\/div>\n\t\t\t\t<\/div>\n\t\t\t\t\t<\/div>\n\t\t<\/div>\n\t\t\t\t\t<\/div>\n\t\t<\/section>\n\t\t\t\t<section class=\"elementor-section elementor-top-section elementor-element elementor-element-494f1f0 elementor-section-boxed elementor-section-height-default elementor-section-height-default\" data-id=\"494f1f0\" data-element_type=\"section\" data-e-type=\"section\">\n\t\t\t\t\t\t<div class=\"elementor-container elementor-column-gap-default\">\n\t\t\t\t\t<div class=\"elementor-column elementor-col-100 elementor-top-column elementor-element elementor-element-fb200dc\" data-id=\"fb200dc\" data-element_type=\"column\" data-e-type=\"column\">\n\t\t\t<div class=\"elementor-widget-wrap elementor-element-populated\">\n\t\t\t\t\t\t<section class=\"elementor-section elementor-inner-section elementor-element elementor-element-b058d0d elementor-section-boxed elementor-section-height-default elementor-section-height-default\" data-id=\"b058d0d\" data-element_type=\"section\" data-e-type=\"section\">\n\t\t\t\t\t\t<div class=\"elementor-container elementor-column-gap-default\">\n\t\t\t\t\t<div class=\"elementor-column elementor-col-50 elementor-inner-column elementor-element elementor-element-442ae13\" data-id=\"442ae13\" data-element_type=\"column\" data-e-type=\"column\">\n\t\t\t<div class=\"elementor-widget-wrap\">\n\t\t\t\t\t\t\t<\/div>\n\t\t<\/div>\n\t\t\t\t<div class=\"elementor-column elementor-col-50 elementor-inner-column elementor-element elementor-element-861bec7\" data-id=\"861bec7\" data-element_type=\"column\" data-e-type=\"column\">\n\t\t\t<div class=\"elementor-widget-wrap\">\n\t\t\t\t\t\t\t<\/div>\n\t\t<\/div>\n\t\t\t\t\t<\/div>\n\t\t<\/section>\n\t\t\t\t\t<\/div>\n\t\t<\/div>\n\t\t\t\t\t<\/div>\n\t\t<\/section>\n\t\t\t\t<\/div>\n\t\t","protected":false},"excerpt":{"rendered":"<p>CACHAC P\u00e1gina web del Colegio de Arquitectos de Chihuahua A. C. Para este proyecto, fuimos responsables del dise\u00f1o integral y desarrollo web de la p\u00e1gina del colegio, logrando una plataforma funcional y alineada a su identidad institucional. InfoServicio: Dise\u00f1oCliente: Colegio de Arquitectos de Chihuahua A. C.Categor\u00eda: Web Otros proyectos<\/p>\n","protected":false},"author":1,"featured_media":0,"parent":0,"menu_order":0,"comment_status":"closed","ping_status":"closed","template":"","meta":{"footnotes":""},"class_list":["post-3650","page","type-page","status-publish","hentry"],"_links":{"self":[{"href":"https:\/\/roodcomunicacion.com\/rood\/wp-json\/wp\/v2\/pages\/3650","targetHints":{"allow":["GET"]}}],"collection":[{"href":"https:\/\/roodcomunicacion.com\/rood\/wp-json\/wp\/v2\/pages"}],"about":[{"href":"https:\/\/roodcomunicacion.com\/rood\/wp-json\/wp\/v2\/types\/page"}],"author":[{"embeddable":true,"href":"https:\/\/roodcomunicacion.com\/rood\/wp-json\/wp\/v2\/users\/1"}],"replies":[{"embeddable":true,"href":"https:\/\/roodcomunicacion.com\/rood\/wp-json\/wp\/v2\/comments?post=3650"}],"version-history":[{"count":19,"href":"https:\/\/roodcomunicacion.com\/rood\/wp-json\/wp\/v2\/pages\/3650\/revisions"}],"predecessor-version":[{"id":4083,"href":"https:\/\/roodcomunicacion.com\/rood\/wp-json\/wp\/v2\/pages\/3650\/revisions\/4083"}],"wp:attachment":[{"href":"https:\/\/roodcomunicacion.com\/rood\/wp-json\/wp\/v2\/media?parent=3650"}],"curies":[{"name":"wp","href":"https:\/\/api.w.org\/{rel}","templated":true}]}}